{"id":461,"date":"2021-01-26T19:27:31","date_gmt":"2021-01-26T17:27:31","guid":{"rendered":"https:\/\/www.selinastase.fi\/?page_id=461"},"modified":"2022-11-02T12:24:34","modified_gmt":"2022-11-02T10:24:34","slug":"tietoa-sivustosta","status":"publish","type":"page","link":"https:\/\/www.selinastase.fi\/","title":{"rendered":"TERVETULOA"},"content":{"rendered":"\n<p>Kiitollisuus. Kun on uteliaana l\u00e4pi el\u00e4m\u00e4n opetellut ihmisen\u00e4 olemista ja ollut rohkea, on reppuun tarttunut paljon eletty\u00e4 el\u00e4m\u00e4\u00e4. Luovuus ja el\u00e4m\u00e4n jano ovat kuljettaneet minua eri maihin opiskelemaan ja t\u00f6ihin. Opiskelin Englannissa ja perustimme perheen Hollannissa, jossa ty\u00f6skentelin muotialalla printti- ja kuosisuunnittelijana. Ammattiopettajaksi (kulttuuriala) valmistuin vuonna 2012 ja YAMK-muotoilijaksi Lahdesta 2016. Opettajuuden rinnalla opiskelin mm. Intuitiiviseksi energiahoitajaksi. <\/p>\n\n\n\n<p>&#8220;Millainen on paras versio ihmisest\u00e4?&#8221; T\u00e4m\u00e4 kysymys kiehtoo ja mietitytt\u00e4\u00e4. Kaikki mit\u00e4 teen, t\u00e4ht\u00e4\u00e4 siihen, ett\u00e4 voisimme ihmisin\u00e4 aidosti kukoistaa. Hoidot, rummut, maalaukset\/ piirrokset ja kurssit ovat rakentuneet luovuudesta ja rakkaudesta. Ne kohottavat, avaavat ja ovat t\u00e4ynn\u00e4 iloa. Ei sen enemp\u00e4\u00e4, eik\u00e4 sen v\u00e4hemp\u00e4\u00e4. Ihanaa kun l\u00f6ysit minut! <\/p>\n\n\n\n<p>Tutustu kirjoituksiin<a rel=\"noreferrer noopener\" href=\"https:\/\/www.selinastase.fi\/?page_id=426\" data-type=\"URL\" data-id=\"https:\/\/www.selinastase.fi\/?page_id=426\" target=\"_blank\"> blogissa.<\/a><\/p>\n\n\n\n<p><strong>Olen intuitiivinen energiahoitaja ja tarjoan kvanttihypnoosi-sessioita<\/strong>. Tervetuloa hoitohuoneelle Luomaan Espoon rajalle tai Kivenlahteen <a href=\"https:\/\/akupunktioklinikka.com\/fi\/\">Akupunktio- ja hyvinvointiklinikalle<\/a><br>Minua ovat ohjanneet mm. Niina-Matilda Kuusisto, Maiju Saariniemi, Susan Hedman ja Heli Heiskanen.<\/p>\n\n\n\n<p><strong>Olen opettaja, luova kuvantekij\u00e4 ja muotoilija.<\/strong> <strong>Valmistan my\u00f6s erityisi\u00e4 valorumpuja.<\/strong><br>Luovuus, k\u00e4dentaidot ja uuden luominen ovat minun supervoimia. Koen, ett\u00e4 luova tekeminen  sen eri muodoissa ruokkii sieluani eniten. <\/p>\n\n\n\n<p>RUMMUT: Rumpuja on syntynyt vuoden aikana useita. Niiden valmistaminen on mystiikkaa ja ihmeit\u00e4 t\u00e4ynn\u00e4 oleva luomisprosessi. <\/p>\n\n\n\n<p>Jokainen rumpu on yksil\u00f6llinen ja pyh\u00e4 soitin, jolla on oma henki. Omaan rumpuun tutustuminen voi vied\u00e4 hetken, mutta kun yhteys l\u00f6ytyy, alkaa maailmaan syntym\u00e4\u00e4n uusia rakkaudellisia rytmej\u00e4. Valmistan rumpuja tilauksesta asiakkaan toiveiden mukaan. <\/p>\n\n\n\n<p>Jos haluat valmistaa oman rummun ohjauksessani tai sinulla on pieni ryhm\u00e4, joka kaipaa opastusta rummun synnytt\u00e4misess\u00e4, laita minulle viesti\u00e4, niin j\u00e4rjestet\u00e4\u00e4n. Ty\u00f6huoneelleni Kirkkonummella mahtuu kolme kurssilaista kerrallaan ja suuremmille ryhmille j\u00e4rjest\u00e4\u00e4n  isommat tilat. Uudenkuun aika on \u00a0erinomainen hetki uuden rummun tai kannuksen synnytt\u00e4miseen. Silloin kuun sijainti on yhtenev\u00e4 auringon kanssa, ja\u00a0se aloittaa uuden kierron.<\/p>\n\n\n\n<p>Minulle rumpu edustaa valoa ja rakkautta, ja koen rummutuksen \u00e4\u00e4nen sykkeen\u00e4- merkkin\u00e4 el\u00e4m\u00e4st\u00e4 kehossa ja ymp\u00e4r\u00f6iv\u00e4ss\u00e4 elollisessa. Rummutuksella voidaan hakea yhteyksi\u00e4, aktivoida, her\u00e4tell\u00e4, lis\u00e4t\u00e4 runsautta tai toisaalta rauhoittaa, rentouttaa ja tyynnytell\u00e4. Rummutuksen intentio m\u00e4\u00e4ritt\u00e4\u00e4 ja ohjaa sen vaikutuksia.<\/p>\n\n\n\n<p><strong>Olen nainen, \u00e4iti, vaimo, yst\u00e4v\u00e4 ja em\u00e4nt\u00e4 kahdelle koiralle.&nbsp;<\/strong><\/p>\n\n\n\n<hr class=\"wp-block-separator\"\/>\n\n\n\n<p><strong>TILAUKSESTA:<\/strong><\/p>\n\n\n\n<p><strong>Luovuuskurssit <\/strong><br>Ohjaan luovan tekemisen \u201dleirip\u00e4ivi\u00e4\u201d tai yst\u00e4vyysiltoja eri teemoilla eri kohderyhmille. Kursseilla vapaa luovuus yhdistyy omaan voimaan ja rakkauteen. Yhdess\u00e4tekemisen- ja olemisen parantava voima luo leirip\u00e4iviin erityisen ilmapiirin. Mit\u00e4 syntyy vapaudessa ilman pakkoa? T\u00e4ydellisi\u00e4 vahinkoja tietenkin! <br>Ei tarvitse osata mit\u00e4\u00e4n, sill\u00e4 intuitiivinen ty\u00f6skentely on vapautta ja rauhaa t\u00e4ynn\u00e4 olevaa luomista itsen \u00e4\u00e4rell\u00e4. <\/p>\n\n\n\n<p>Luovuuden kursseilla syv\u00e4rentoutus ja rummutus saattelevat luovuuden \u00e4\u00e4relle- saavut vain paikalle omana itsen\u00e4si! <\/p>\n\n\n\n<p>VOIMAKUVAT: Tavoitteeni on l\u00f6yt\u00e4\u00e4 tapa maalata tai piirt\u00e4\u00e4 ihmisille voimakuvia, joista v\u00e4littyy asiakkaalle jotain hyvin henkil\u00f6kohtaista ja voimauttavaa: tilaisuus l\u00f6yt\u00e4\u00e4 tie itsen luo ja palata omaan voimaan. Voimakuvan tekeminen on teht\u00e4v\u00e4, jossa olen t\u00e4ysin avoimena, aitona ja n\u00f6yr\u00e4n\u00e4 jonkin suuremman voiman \u00e4\u00e4rell\u00e4. Jos voimakuva kutsuu sinua- ota yhteytt\u00e4. Luotan, ett\u00e4 kaikki tapahtuu juuri oikeaan aikaan.<\/p>\n\n\n\n<p><strong><br>Viestit ja yhteydenotot<\/strong><br>info(at)selinastase.fi <br><\/p>\n\n\n\n<hr class=\"wp-block-separator\"\/>\n\n\n\n<p>Her\u00e4\u00e4n usein aamulla jonkin lauseen tai  sanan kanssa, jota j\u00e4\u00e4n pohtimaan.<\/p>\n\n\n\n<p>T\u00e4n\u00e4\u00e4n tuo sana oli \u201dkauneus\u201d.<br>Ajatuksenjuoksu on niin nopeaa, ettei mitenk\u00e4\u00e4n voi muistaa mit\u00e4 mieless\u00e4 k\u00e4vi ja kaikki ne ajatukset, joista on aavistus, kuulostavat kirjoitettuna toisilta. Haluaisin \u00e4\u00e4nitt\u00e4\u00e4 ajatuksia reaaliajassa! Meille avautuisi aivan uusi maailma, jos ajattelua ja pohdintaa saisi kuulluksi tai n\u00e4hdyksi. Toisaalta kun ajattelun pukee sanoiksi tai kirjoitukseksi, tapahtuu suodattuminen. Se tuo uuden vivahteen tekstiin, riisuu ja pukee ajatuksen uudeksi, siivoaa sen. Intuitiivinen ajatus kypsyy matkalla, mutta saatamme my\u00f6s menett\u00e4\u00e4 jotain t\u00e4rke\u00e4\u00e4. Hienoimmat ideat ja keksinn\u00f6t ovat villien ja vapaiden \u00e4lynv\u00e4l\u00e4yksien hedelm\u00e4\u00e4. Mist\u00e4 ne tulevat, on mysteeri. <\/p>\n\n\n\n<p><br>P\u00e4iv\u00e4n aikana ajatus \u201dkauneudesta\u201d seurasi minua ja l\u00f6ysin osuvan tekstin Kahlil Gibranilta.<br><em>\u201dSieluni neuvoi minua ja opasti minua n\u00e4kem\u00e4\u00e4n muodon ja v\u00e4rin taakse k\u00e4tkeytyv\u00e4n kauneuden. Sieluni kehotti minua tutkimaan tarkkaan kaikkea n\u00e4enn\u00e4isesti rumaa, kunnes se muuttuisi kauniiksi.\u201d<\/em><\/p>\n\n\n\n<p>Kirjoittaminen on ihana tapa kuvata el\u00e4m\u00e4\u00e4; kasvua, tapahtumia ja olotiloja.  <\/p>\n\n\n\n<figure class=\"wp-block-image is-style-default\"><img loading=\"lazy\" decoding=\"async\" width=\"300\" height=\"300\" src=\"https:\/\/www.selinastase.fi\/wp-content\/uploads\/2020\/03\/24F22950-F7A8-4C55-A31C-8051A149EC87-300x300.jpeg\" alt=\"\" class=\"wp-image-128\" srcset=\"https:\/\/www.selinastase.fi\/wp-content\/uploads\/2020\/03\/24F22950-F7A8-4C55-A31C-8051A149EC87-300x300.jpeg 300w, https:\/\/www.selinastase.fi\/wp-content\/uploads\/2020\/03\/24F22950-F7A8-4C55-A31C-8051A149EC87-1024x1024.jpeg 1024w, https:\/\/www.selinastase.fi\/wp-content\/uploads\/2020\/03\/24F22950-F7A8-4C55-A31C-8051A149EC87-150x150.jpeg 150w, https:\/\/www.selinastase.fi\/wp-content\/uploads\/2020\/03\/24F22950-F7A8-4C55-A31C-8051A149EC87-768x768.jpeg 768w, https:\/\/www.selinastase.fi\/wp-content\/uploads\/2020\/03\/24F22950-F7A8-4C55-A31C-8051A149EC87-1536x1536.jpeg 1536w, https:\/\/www.selinastase.fi\/wp-content\/uploads\/2020\/03\/24F22950-F7A8-4C55-A31C-8051A149EC87-2048x2048.jpeg 2048w\" sizes=\"auto, (max-width: 300px) 100vw, 300px\" \/><\/figure>\n\n\n\n<p>Kiitos kun olet \u2764\ufe0f<br><\/p>\n\n\n\n<p>T: Selina<\/p>\n","protected":false},"excerpt":{"rendered":"<p>Kiitollisuus. Kun on uteliaana l\u00e4pi el\u00e4m\u00e4n opetellut ihmisen\u00e4 olemista ja ollut rohkea, on reppuun tarttunut paljon eletty\u00e4 el\u00e4m\u00e4\u00e4. Luovuus ja el\u00e4m\u00e4n jano ovat kuljettaneet minua eri maihin opiskelemaan ja t\u00f6ihin. Opiskelin Englannissa ja perustimme perheen Hollannissa, jossa ty\u00f6skentelin muotialalla printti- ja kuosisuunnittelijana. Ammattiopettajaksi (kulttuuriala) valmistuin vuonna 2012 ja YAMK-muotoilijaksi Lahdesta 2016. Opettajuuden rinnalla opiskelin mm. &hellip; <\/p>\n<p class=\"link-more\"><a href=\"https:\/\/www.selinastase.fi\/\" class=\"more-link\">Continue reading<span class=\"screen-reader-text\"> &#8220;TERVETULOA&#8221;<\/span><\/a><\/p>\n","protected":false},"author":1,"featured_media":0,"parent":0,"menu_order":0,"comment_status":"closed","ping_status":"closed","template":"","meta":{"footnotes":""},"class_list":["post-461","page","type-page","status-publish","hentry"],"_links":{"self":[{"href":"https:\/\/www.selinastase.fi\/index.php?rest_route=\/wp\/v2\/pages\/461","targetHints":{"allow":["GET"]}}],"collection":[{"href":"https:\/\/www.selinastase.fi\/index.php?rest_route=\/wp\/v2\/pages"}],"about":[{"href":"https:\/\/www.selinastase.fi\/index.php?rest_route=\/wp\/v2\/types\/page"}],"author":[{"embeddable":true,"href":"https:\/\/www.selinastase.fi\/index.php?rest_route=\/wp\/v2\/users\/1"}],"replies":[{"embeddable":true,"href":"https:\/\/www.selinastase.fi\/index.php?rest_route=%2Fwp%2Fv2%2Fcomments&post=461"}],"version-history":[{"count":99,"href":"https:\/\/www.selinastase.fi\/index.php?rest_route=\/wp\/v2\/pages\/461\/revisions"}],"predecessor-version":[{"id":1404,"href":"https:\/\/www.selinastase.fi\/index.php?rest_route=\/wp\/v2\/pages\/461\/revisions\/1404"}],"wp:attachment":[{"href":"https:\/\/www.selinastase.fi\/index.php?rest_route=%2Fwp%2Fv2%2Fmedia&parent=461"}],"curies":[{"name":"wp","href":"https:\/\/api.w.org\/{rel}","templated":true}]}}