{"id":425,"date":"2021-01-26T10:41:19","date_gmt":"2021-01-26T08:41:19","guid":{"rendered":"https:\/\/www.selinastase.fi\/?page_id=425"},"modified":"2022-03-01T10:49:55","modified_gmt":"2022-03-01T08:49:55","slug":"yhteys-sana-rakkaus-kvanttihoito","status":"publish","type":"page","link":"https:\/\/www.selinastase.fi\/?page_id=425","title":{"rendered":"KVANTTIHYPNOOSI JA ENERGIAHOITO"},"content":{"rendered":"\n<hr class=\"wp-block-separator\"\/>\n\n\n\n<p><strong>Kvanttihypnoosi <\/strong>on kokemuksellinen syv\u00e4rentoutus itsetuntemuksen lis\u00e4\u00e4miseen, jossa asiakas kulkee ohjattuna mielikuvasta toiseen unenkaltaisessa olotilassa, ollen kuitenkin aivan hereill\u00e4 ja tietoinen tapahtumista ja keskustelusta. <\/p>\n\n\n\n<p>Ohjatussa syv\u00e4rentoutuksessa hoidettavan korkeampi tietoisuus saa mahdollisuuden tuoda n\u00e4kyviin asioita, jotka vaikuttavat el\u00e4m\u00e4\u00e4n niit\u00e4 tiedostamatta. Hoito auttaa ymm\u00e4rt\u00e4m\u00e4\u00e4n itse\u00e4\u00e4n paremmin, omia tunteita, tapaa reagoida ja syy-seurauksia. <\/p>\n\n\n\n<p>Kun n\u00e4kee ja kokee itsens\u00e4 selke\u00e4mmin, palat loksahtelevat paikoilleen. Omakuva alkaa kirkastua ja henkiset aistit her\u00e4t\u00e4.<\/p>\n\n\n\n<p>Hoito perustuu hoidettavan haluun ja motivaatioon tulla tietoiseksi hiljaisesta viisaudestaan. Matka itseen ilman pelkoa ja egoa on ihmeellinen kokemus, joka herkist\u00e4\u00e4.<\/p>\n\n\n\n<p>Olet lukko, mutta sinulla on my\u00f6s avaimet. Lukko avautuu, kun on sen aika, sill\u00e4 el\u00e4m\u00e4 on jatkuvaa avautumista, antautumista ja irti p\u00e4\u00e4st\u00e4mist\u00e4. Ihmisen sis\u00e4isell\u00e4 viisaudella on vastaukset kaikkiin olemisen haasteisiin. Koen, ett\u00e4 kvanttihypnoosi tarjoaa keinon saavuttaa tila, jossa tunnistaa oman sis\u00e4isen voimansa ja n\u00e4kee oman erityisyytens\u00e4 . Asiat yksinkertaistuvat, kun saa kosketuksen suureen kokonaisuuteen. <\/p>\n\n\n\n<p>Millainen on paras versio sinusta? Varaa aika ja tule kokemaan kvanttihypnoosi. Uteliaisuus riitt\u00e4\u00e4 syyksi. Hoidon kesto  n. 2-2,5 tuntia. Saat sessiosta \u00e4\u00e4nitteen s\u00e4hk\u00f6postitse. <\/p>\n\n\n\n<p><strong>Varaa aika <a href=\"http:\/\/vello.fi\/selinastase\" data-type=\"URL\" data-id=\"vello.fi\/selinastase\">t\u00e4st\u00e4<\/a><\/strong><br><\/p>\n\n\n\n<figure class=\"wp-block-gallery has-nested-images columns-default is-cropped wp-block-gallery-1 is-layout-flex wp-block-gallery-is-layout-flex\">\n<figure class=\"wp-block-image size-large is-style-default\"><img loading=\"lazy\" decoding=\"async\" width=\"724\" height=\"1024\" data-id=\"456\" src=\"https:\/\/www.selinastase.fi\/wp-content\/uploads\/2021\/01\/1989E780-AD04-46D6-99D2-A8010046A0A2-724x1024.png\" alt=\"\" class=\"wp-image-456\" srcset=\"https:\/\/www.selinastase.fi\/wp-content\/uploads\/2021\/01\/1989E780-AD04-46D6-99D2-A8010046A0A2-724x1024.png 724w, https:\/\/www.selinastase.fi\/wp-content\/uploads\/2021\/01\/1989E780-AD04-46D6-99D2-A8010046A0A2-212x300.png 212w, https:\/\/www.selinastase.fi\/wp-content\/uploads\/2021\/01\/1989E780-AD04-46D6-99D2-A8010046A0A2-768x1086.png 768w, https:\/\/www.selinastase.fi\/wp-content\/uploads\/2021\/01\/1989E780-AD04-46D6-99D2-A8010046A0A2-1086x1536.png 1086w, https:\/\/www.selinastase.fi\/wp-content\/uploads\/2021\/01\/1989E780-AD04-46D6-99D2-A8010046A0A2-1448x2048.png 1448w\" sizes=\"auto, (max-width: 724px) 100vw, 724px\" \/><\/figure>\n<\/figure>\n\n\n\n<p>Kvanttihypnoosi nojaa ihmisen sis\u00e4iseen viisauteen, sellaiseen universaaliin \u00e4lyyn, josta voi k\u00e4ytt\u00e4\u00e4 my\u00f6s nime\u00e4 intuitio, korkeampi tietoisuus, l\u00e4hde tai rakkaus. Se on erottamaton osa meit\u00e4 jokaista ja meill\u00e4 on luontainen yhteys t\u00e4h\u00e4n viisauteen. Kvanttihypnoosia ohjaa aina hoidettavan oma korkeampi min\u00e4, toisin sanoen viisaus, joka n\u00e4kee kokonaiskuvan. Tuolloin hoidettava saa aina sen mit\u00e4 h\u00e4n juuri tuolla hetkell\u00e4 eniten tarvitsee, ei v\u00e4ltt\u00e4m\u00e4tt\u00e4 sit\u00e4 mit\u00e4 h\u00e4n haluaa. <\/p>\n\n\n\n<p>Meiss\u00e4 jokaisessa on valtavat voimavarat ja energeettinen yhteys kaikkialle, vaikka sit\u00e4 ei aina tunnista. K\u00e4ytt\u00e4m\u00e4ll\u00e4 henkisi\u00e4 aistejamme, on mahdollisuus mm. saada tietoa kaikkialla olevasta informaatiokent\u00e4st\u00e4. T\u00e4m\u00e4 usein vaatii mielen hiljent\u00e4mist\u00e4 ja k\u00e4\u00e4ntymist\u00e4 sis\u00e4\u00e4np\u00e4in esim. meditoimalla. Kvanttihypnoosissa pys\u00e4htyminen itsen \u00e4\u00e4relle tapahtuu ohjatusti ja tavoitteellisesti.   <\/p>\n\n\n\n<p>Kvanttihypnoosin avulla voidaan purkaa solumuistissa olevia traumoja, uskomuksia ja ehdollistumia, joita ihmisen on usein vaikea n\u00e4hd\u00e4 itsess\u00e4\u00e4n ja jotka aiheuttavat haasteita arjessa. Hoidon aikana voi kokea vahvoja energiavirtauksia kehotuntemuksina ja emootioita, sek\u00e4 n\u00e4hd\u00e4 tai aistia mm. v\u00e4rej\u00e4, \u00e4\u00e4ni\u00e4, kuvia, hajuja ja makuja. Kvanttihypnoosi on eheytt\u00e4v\u00e4\u00e4 energiahoitoa, jonka aikana hoidettava kokee sis\u00e4isen maailmansa tai saamansa informaation kaikilla henkisill\u00e4 aisteilla. Kokemukset ovat yksil\u00f6llisi\u00e4, mutta aina ymm\u00e4rryst\u00e4 avartavia. <\/p>\n\n\n\n<p>Teen hoitoja ty\u00f6huoneella Kirkkonummella Luomassa etup\u00e4\u00e4ss\u00e4 ti ja ke. Torstaisin otan vastaan Kivenlahdessa. Hoitoon sis\u00e4ltyy aina alkukeskustelu ja saat istunnosta  \u00e4\u00e4nitteen, jonka voit kuunnella my\u00f6hemmin rauhassa.<\/p>\n\n\n\n<p> My\u00f6s ryhm\u00e4t ovat tervetulleita, kysy niist\u00e4 lis\u00e4\u00e4!<\/p>\n\n\n\n<p><strong>Kohtaamiset ovat aina luottamuksellisia. <\/strong><\/p>\n\n\n\n<hr class=\"wp-block-separator\"\/>\n\n\n\n<p><strong>Energiahoito\/ Kvanttihoito<\/strong> on kohtaaminen puhtaan tietoisuuden, sis\u00e4isen hiljaisuuden tilassa, jossa v\u00e4littyy korkeav\u00e4r\u00e4hteist\u00e4 energiaa. Hoito on kokonaisvaltainen ja kokemuksellinen energiahoito, jossa usein annamme selke\u00e4n intention ja huomioita jollekin tietylle ep\u00e4tasapainolle tai haasteelle asiakkaan el\u00e4m\u00e4ss\u00e4. <\/p>\n\n\n\n<p>Tavoitteena on vapauttaa erilaisia tukoksia energiaj\u00e4rjestelm\u00e4st\u00e4 ja tukea kehon oman paranemisj\u00e4rjestelm\u00e4n aktivoitumista. Hoidot ovat lempeit\u00e4, tasapainottavia ja rentouttavat tehokkaasti. Hoito tapahtuu hiljaisuudessa (toki saa my\u00f6s puhua) asiakkaan lev\u00e4tess\u00e4 hoitop\u00f6yd\u00e4ll\u00e4. Kirjoitan lyhyen tarina tai kertomuksen asioista ja aiheista, joita minulle nousee hoidon yhteydess\u00e4. <\/p>\n\n\n\n<p>Hoidon kesto n. 45min. <\/p>\n\n\n\n<p><br>Olisi ihana kuulla sinusta \u2764\ufe0f <\/p>\n\n\n\n<p><strong>Varaa aika <a href=\"http:\/\/vello.fi\/selinastase\" data-type=\"URL\" data-id=\"vello.fi\/selinastase\">t\u00e4st\u00e4<\/a><\/strong><\/p>\n","protected":false},"excerpt":{"rendered":"<p>Kvanttihypnoosi on kokemuksellinen syv\u00e4rentoutus itsetuntemuksen lis\u00e4\u00e4miseen, jossa asiakas kulkee ohjattuna mielikuvasta toiseen unenkaltaisessa olotilassa, ollen kuitenkin aivan hereill\u00e4 ja tietoinen tapahtumista ja keskustelusta. Ohjatussa syv\u00e4rentoutuksessa hoidettavan korkeampi tietoisuus saa mahdollisuuden tuoda n\u00e4kyviin asioita, jotka vaikuttavat el\u00e4m\u00e4\u00e4n niit\u00e4 tiedostamatta. Hoito auttaa ymm\u00e4rt\u00e4m\u00e4\u00e4n itse\u00e4\u00e4n paremmin, omia tunteita, tapaa reagoida ja syy-seurauksia. Kun n\u00e4kee ja kokee itsens\u00e4 selke\u00e4mmin, &hellip; <\/p>\n<p class=\"link-more\"><a href=\"https:\/\/www.selinastase.fi\/?page_id=425\" class=\"more-link\">Continue reading<span class=\"screen-reader-text\"> &#8220;KVANTTIHYPNOOSI JA ENERGIAHOITO&#8221;<\/span><\/a><\/p>\n","protected":false},"author":1,"featured_media":0,"parent":0,"menu_order":0,"comment_status":"closed","ping_status":"closed","template":"","meta":{"footnotes":""},"class_list":["post-425","page","type-page","status-publish","hentry"],"_links":{"self":[{"href":"https:\/\/www.selinastase.fi\/index.php?rest_route=\/wp\/v2\/pages\/425","targetHints":{"allow":["GET"]}}],"collection":[{"href":"https:\/\/www.selinastase.fi\/index.php?rest_route=\/wp\/v2\/pages"}],"about":[{"href":"https:\/\/www.selinastase.fi\/index.php?rest_route=\/wp\/v2\/types\/page"}],"author":[{"embeddable":true,"href":"https:\/\/www.selinastase.fi\/index.php?rest_route=\/wp\/v2\/users\/1"}],"replies":[{"embeddable":true,"href":"https:\/\/www.selinastase.fi\/index.php?rest_route=%2Fwp%2Fv2%2Fcomments&post=425"}],"version-history":[{"count":51,"href":"https:\/\/www.selinastase.fi\/index.php?rest_route=\/wp\/v2\/pages\/425\/revisions"}],"predecessor-version":[{"id":1445,"href":"https:\/\/www.selinastase.fi\/index.php?rest_route=\/wp\/v2\/pages\/425\/revisions\/1445"}],"wp:attachment":[{"href":"https:\/\/www.selinastase.fi\/index.php?rest_route=%2Fwp%2Fv2%2Fmedia&parent=425"}],"curies":[{"name":"wp","href":"https:\/\/api.w.org\/{rel}","templated":true}]}}