{"id":155,"date":"2020-03-28T22:15:50","date_gmt":"2020-03-28T20:15:50","guid":{"rendered":"https:\/\/www.selinastase.fi\/?page_id=155"},"modified":"2022-10-10T15:46:18","modified_gmt":"2022-10-10T13:46:18","slug":"omannakoinen-elama","status":"publish","type":"page","link":"https:\/\/www.selinastase.fi\/?page_id=155","title":{"rendered":"KUKOISTA!"},"content":{"rendered":"\n<p>Millainen on paras versio sinusta? Millainen olet parhaimmillasi tai silloin kun olet vahvana rauhassa, el\u00e4t luottamuksessa ja tunnet rakkauden? Ja miten maailma peilaa sinua tuolloin? <\/p>\n\n\n\n<p>Ihminen on moniulotteinen kokonaisuus, ei ole kahta samanlaista. Voi hyv\u00e4ll\u00e4 omatunnolla iloita uniikista olemuksesta, intohimoista, kutsumuksesta, kyvyist\u00e4, taidoista, lahjoista ja palosta syd\u00e4mess\u00e4. Itseen tutustuminen tapahtuu el\u00e4m\u00e4ll\u00e4 ja kokemalla. Omia tunteita seuraamalla l\u00f6ytyy oma valoisa polku. On t\u00e4rke\u00e4\u00e4 kuunnella itse\u00e4\u00e4n ja luottaa tuntemuksiinsa kehossa, ne eiv\u00e4t ikin\u00e4 valehtele. Olet valonkantaja kun olet itsellesi l\u00e4sn\u00e4 ja muistat pys\u00e4hty\u00e4 itsesi \u00e4\u00e4relle aistimaan omaa totuuttasi. <\/p>\n\n\n\n<p>Miten koet ajatuksen muutoksesta? Onko se sinulle pelottavaa vai n\u00e4etk\u00f6 muutoksen mahdollisuutena? Sis\u00e4inen muutos n\u00e4kyy avautumisena ja tietoisuuden kasvuna. <strong>Luomme itse tulevaa<\/strong> juuri t\u00e4ss\u00e4 hetkess\u00e4, ei ole muuta kuin t\u00e4m\u00e4 hetki. Se hetki kun on t\u00e4ysin l\u00e4sn\u00e4 t\u00e4ss\u00e4 hetkess\u00e4 voi kokea ajattomuuden, jota my\u00f6s ikuisuudeksi kutsutaan. Aika katoaa. <br><br>Maagisen onnellisuuden sijaan voi tavoitella tasapainoista hyv\u00e4\u00e4 oloa ja huolehtia omasta hyvinvoinnista, sill\u00e4 kiitollisuuden aiheita l\u00f6ytyy jokaisen arjesta. Asennoitumistaan tarkkailemalla pystyy jakamaan murheen sijaan iloa ymp\u00e4rilleen.&nbsp;<strong>Kun el\u00e4\u00e4 ilossa ja leikiss\u00e4, on l\u00e4sn\u00e4 itselleen<\/strong>. Ilo tarttuu ja kasvaa.<\/p>\n\n\n\n<p>El\u00e4m\u00e4\u00e4 ei tarvitse pel\u00e4t\u00e4, vaan voi tarkastella polkuaan lempeydell\u00e4.<strong> Haasteet ja vaikeat tunteet ovat parhaita opastajia<\/strong>. Kun vaikeaan tilanteeseen saa et\u00e4isyytt\u00e4, on helpompi ymm\u00e4rt\u00e4\u00e4 mist\u00e4 oli isossa kuvassa kyse, ja miten tapahtunut muutti tapaasi n\u00e4hd\u00e4 itsesi. Mit\u00e4 opit ja ymm\u00e4rsit itsest\u00e4si? Miten haaste auttoi sinua eteenp\u00e4in ja mit\u00e4 se paljasti sinusta? Maailma opettaa ihmisyytt\u00e4. <\/p>\n\n\n\n<h3 class=\"wp-block-heading\">EL\u00c4M\u00c4ST\u00c4 SAA NAUTTIA<\/h3>\n\n\n\n<p>Olet kaiken onnen ja menestyksen arvoinen. <strong>Ansaitset ilon, onnistumiset ja hyv\u00e4n olon. <\/strong>Jos el\u00e4m\u00e4st\u00e4 on vaikea juuri nyt nauttia, keskity pieniin ilon aiheisiin ja unelmoi. Unelmat ovat ensimm\u00e4inen askel haaveiden toteutumiseen.&nbsp;Suruakin voi k\u00e4sitell\u00e4 unelmoimalla, karkaamalla hetkeksi sinne, miss\u00e4 on hyv\u00e4 olla. El\u00e4 se ensin haaveissa todeksi, jota kaipaat. <strong>Uskalla ajatella, ettei kaikki ole niin vakavaa. <\/strong><\/p>\n\n\n\n<h3 class=\"wp-block-heading\">TUTUSTU JA TUNNE ITSESI<\/h3>\n\n\n\n<p>On t\u00e4rke\u00e4\u00e4 huolehtia omista tarpeista ja tehd\u00e4 asioita, jotka ovat omaksi hyv\u00e4ksi ja tuntuvat oikeilta juuri sinulle. <strong>Opettele kuuntelemaan ja  kuulemaan itse\u00e4si, kehoasi ja seuraa iloa. <\/strong><br>Oman arvon ja oman arvomaailman tunnistaminen sek\u00e4\u00a0 itsetuntemus syntyv\u00e4t ajan kanssa. Ihmisen t\u00e4ytyy uskaltaa rakastaa itse\u00e4\u00e4n, jotta pystyy rakastamaan toista ja ottamaan vastaan rakkautta. Universaalirakkaus on pyyteet\u00f6nt\u00e4, se ei vaadi, odota vastapalveluksia tai tunne pettymyst\u00e4. <br>Olet upea sellaisena kuin olet. <strong>Olemme t\u00e4\u00e4ll\u00e4, jotta muistaisimme ja tuntisimme todeksi sen, keit\u00e4 me aidosti olemme.<\/strong> Kehittymist\u00e4 ja avautumista tapahtuu l\u00e4pi el\u00e4m\u00e4n, mutta eik\u00f6 ole ihmeellist\u00e4 kun tavoittaa jotain sellaista, joka todella koskettaa ja tuntuu omalta. Sin\u00e4 p\u00e4\u00e4t\u00e4t suunnan ja asetat tavoitteet itsellesi, mutta tee se rauhassa ja rakkaudella.\u00a0Ole p\u00e4\u00e4tt\u00e4v\u00e4inen, mutta lempe\u00e4. Antaudu el\u00e4m\u00e4lle ja luota.<\/p>\n\n\n\n<h3 class=\"wp-block-heading\">SIN\u00c4 RIIT\u00c4T<\/h3>\n\n\n\n<p>Kaikki on hyvin juuri nyt. Sin\u00e4 riit\u00e4t. Ihminen on helposti tyytym\u00e4t\u00f6n, jos ei n\u00e4e kaikkea sit\u00e4 hyv\u00e4\u00e4, mit\u00e4 h\u00e4nell\u00e4 jo on. <strong>Ihminen ei koskaan voi saada tarpeeksi sit\u00e4, mit\u00e4 h\u00e4n ei tarvitse<em>.<\/em><\/strong><\/p>\n\n\n\n<p>Moni tuntee itsens\u00e4 vangituksi, koska pelk\u00e4\u00e4 vapautta ja kokee ep\u00e4onnistumisia, koska ei uskalla onnistua. Hae el\u00e4m\u00e4st\u00e4si asioita, joista voit olla kiitollinen. Kiitollisuus lis\u00e4\u00e4 iloa ja onnellisuutta arjessa. Iloinen ihminen on kuin magneetti hyville asioille ja ilo tarttuu muihinkin.<\/p>\n\n\n\n<h3 class=\"wp-block-heading\">SAAT MIT\u00c4 PYYD\u00c4T<\/h3>\n\n\n\n<p>El\u00e4m\u00e4 ei ole rangaistus, vaan lahja ja mahdollisuus. Aina ei voi onnistua ja toisinaan myrsky\u00e4\u00e4 enemm\u00e4n, mutta tekem\u00e4ll\u00e4 oppii. Olet oman onnesi sepp\u00e4, eli tee ja tavoittele asioita, jotka koet mielekk\u00e4iksi. <strong>Innostu.<\/strong> N\u00e4in juuri sinun erityisyys tulee n\u00e4kyviin ja rikastuttaa ymp\u00e4rist\u00f6\u00e4si. Hyv\u00e4 kiert\u00e4\u00e4 ja onnistumiset ruokkivat rohkeutta tavoitella viel\u00e4kin ihmeellisempi\u00e4 asioita. <strong>Antaudu el\u00e4m\u00e4lle ja ota se vastaan uteliaana.<\/strong>&nbsp;Me itse luomme omaa tulevaisuuttamme. Ihmisell\u00e4 on vapaa tahto ja vapaus valita. <strong>Valitse rakkaus pelon sijaan. <\/strong><br><\/p>\n\n\n\n<h2 class=\"wp-block-heading\">KAIKKI VAIKUTTAA KAIKKEEN<\/h2>\n\n\n\n<p><strong>Kaikki vaikuttaa kaikkeen.<\/strong> Olemme energiaa ja v\u00e4lill\u00e4mme tapahtuu paljon sellaista, jota on vaikea n\u00e4hd\u00e4, ymm\u00e4rt\u00e4\u00e4 tai sanoittaa. Maailma hakee tasapainoa ja siihen on syy, miksi olet t\u00e4\u00e4ll\u00e4 t\u00e4llaisena. <br>Ole utelias, rohkea ja luottavainen. El\u00e4m\u00e4 on matka, etk\u00e4 ole yksin. Ymp\u00e4rill\u00e4si ovat juuri oikeat ihmiset, jotka auttavat sinua eteenp\u00e4in, ja my\u00f6s ne, joita sinun kuuluu tukea ja kannustaa. Meill\u00e4 kaikilla on paikka ja teht\u00e4v\u00e4. Tuo teht\u00e4v\u00e4 muuttuu samalla kuin sin\u00e4 muutut, opit ja etenet polullasi, kasvat t\u00e4yteen mittaan ja tulet n\u00e4kyv\u00e4ksi sellaisena kuin olet &#8211; upeana ja ihmeellisen\u00e4 sieluna t\u00e4ss\u00e4 kehossa, t\u00e4ss\u00e4 el\u00e4m\u00e4ss\u00e4, juuri nyt. <\/p>\n\n\n\n<figure class=\"wp-block-image size-large is-style-default\"><img loading=\"lazy\" decoding=\"async\" width=\"1024\" height=\"1024\" src=\"https:\/\/www.selinastase.fi\/wp-content\/uploads\/2021\/02\/FE73C0E1-C28C-4A73-B536-C709297ADC91-1024x1024.png\" alt=\"\" class=\"wp-image-522\" srcset=\"https:\/\/www.selinastase.fi\/wp-content\/uploads\/2021\/02\/FE73C0E1-C28C-4A73-B536-C709297ADC91-1024x1024.png 1024w, https:\/\/www.selinastase.fi\/wp-content\/uploads\/2021\/02\/FE73C0E1-C28C-4A73-B536-C709297ADC91-300x300.png 300w, https:\/\/www.selinastase.fi\/wp-content\/uploads\/2021\/02\/FE73C0E1-C28C-4A73-B536-C709297ADC91-150x150.png 150w, https:\/\/www.selinastase.fi\/wp-content\/uploads\/2021\/02\/FE73C0E1-C28C-4A73-B536-C709297ADC91-768x768.png 768w, https:\/\/www.selinastase.fi\/wp-content\/uploads\/2021\/02\/FE73C0E1-C28C-4A73-B536-C709297ADC91-1536x1536.png 1536w, https:\/\/www.selinastase.fi\/wp-content\/uploads\/2021\/02\/FE73C0E1-C28C-4A73-B536-C709297ADC91.png 2048w, https:\/\/www.selinastase.fi\/wp-content\/uploads\/2021\/02\/FE73C0E1-C28C-4A73-B536-C709297ADC91-100x100.png 100w\" sizes=\"auto, (max-width: 767px) 89vw, (max-width: 1000px) 54vw, (max-width: 1071px) 543px, 580px\" \/><\/figure>\n","protected":false},"excerpt":{"rendered":"<p>Millainen on paras versio sinusta? Millainen olet parhaimmillasi tai silloin kun olet vahvana rauhassa, el\u00e4t luottamuksessa ja tunnet rakkauden? Ja miten maailma peilaa sinua tuolloin? Ihminen on moniulotteinen kokonaisuus, ei ole kahta samanlaista. Voi hyv\u00e4ll\u00e4 omatunnolla iloita uniikista olemuksesta, intohimoista, kutsumuksesta, kyvyist\u00e4, taidoista, lahjoista ja palosta syd\u00e4mess\u00e4. Itseen tutustuminen tapahtuu el\u00e4m\u00e4ll\u00e4 ja kokemalla. Omia tunteita &hellip; <\/p>\n<p class=\"link-more\"><a href=\"https:\/\/www.selinastase.fi\/?page_id=155\" class=\"more-link\">Continue reading<span class=\"screen-reader-text\"> &#8220;KUKOISTA!&#8221;<\/span><\/a><\/p>\n","protected":false},"author":1,"featured_media":0,"parent":0,"menu_order":0,"comment_status":"closed","ping_status":"closed","template":"","meta":{"footnotes":""},"class_list":["post-155","page","type-page","status-publish","hentry"],"_links":{"self":[{"href":"https:\/\/www.selinastase.fi\/index.php?rest_route=\/wp\/v2\/pages\/155","targetHints":{"allow":["GET"]}}],"collection":[{"href":"https:\/\/www.selinastase.fi\/index.php?rest_route=\/wp\/v2\/pages"}],"about":[{"href":"https:\/\/www.selinastase.fi\/index.php?rest_route=\/wp\/v2\/types\/page"}],"author":[{"embeddable":true,"href":"https:\/\/www.selinastase.fi\/index.php?rest_route=\/wp\/v2\/users\/1"}],"replies":[{"embeddable":true,"href":"https:\/\/www.selinastase.fi\/index.php?rest_route=%2Fwp%2Fv2%2Fcomments&post=155"}],"version-history":[{"count":55,"href":"https:\/\/www.selinastase.fi\/index.php?rest_route=\/wp\/v2\/pages\/155\/revisions"}],"predecessor-version":[{"id":1389,"href":"https:\/\/www.selinastase.fi\/index.php?rest_route=\/wp\/v2\/pages\/155\/revisions\/1389"}],"wp:attachment":[{"href":"https:\/\/www.selinastase.fi\/index.php?rest_route=%2Fwp%2Fv2%2Fmedia&parent=155"}],"curies":[{"name":"wp","href":"https:\/\/api.w.org\/{rel}","templated":true}]}}