{"id":1306,"date":"2022-05-30T17:25:55","date_gmt":"2022-05-30T15:25:55","guid":{"rendered":"https:\/\/www.selinastase.fi\/?page_id=1306"},"modified":"2022-05-30T18:00:33","modified_gmt":"2022-05-30T16:00:33","slug":"asiakkailta","status":"publish","type":"page","link":"https:\/\/www.selinastase.fi\/?page_id=1306","title":{"rendered":"Ihanilta asiakkailta ihania palautteita"},"content":{"rendered":"\n<p>\u00a0\u201dKvanttihypnoosi oli hyvin parantava kokemus. Selina on ihanan aito ja l\u00e4mmin ihminen, jonka luona on hyv\u00e4 ja turvallinen olo.\u201d<\/p>\n\n\n\n<p>&#8220;En tiennyt kvanttihypnoosista etuk\u00e4teen mit\u00e4\u00e4n joten v\u00e4h\u00e4n j\u00e4nnittynein mielin hypp\u00e4sin tuntemattomaan\u2026 Selinan lempe\u00e4ss\u00e4 ja turvallisessa ohjauksessa p\u00e4\u00e4sin kokemaan edellisten el\u00e4mien sanomaa ja sain ajattelemisen aiheita t\u00e4m\u00e4n hetkiseen el\u00e4m\u00e4ntilanteeseen. Hoidon j\u00e4lkeen mieli oli ihanan tyyni.&#8221;<\/p>\n\n\n\n<p>&#8220;Selina oli ihanan rauhallinen ja l\u00e4sn\u00e4oleva hypnoositilanteessa. Tuntui, ett\u00e4 tuon hetken h\u00e4n oli olemassa vain minua varten. H\u00e4nen ohjauksessa tuntui turvalliselta l\u00e4hte\u00e4 tutkimaan mit\u00e4 alitajunta nostaakaan esille. Tuntuu, ett\u00e4 hypnoosissa esiin nousset asiat ovat vasta hiljalleen avautumassa ja suuremmat oivallukset tekev\u00e4t tuloaan. Kiitos t\u00e4st\u00e4 uudesta kokemuksesta. Suosittelen l\u00e4mpim\u00e4sti kokeilemaan, jos kvanttihypnoosi yht\u00e4\u00e4n kutsuu.&#8221; <\/p>\n\n\n\n<p>&#8220;Koin kvanttihypnoosissa jonkin erityisen keveyden tunteen ja kohtasin edesmenneen iso\u00e4itini. Tapaaminen oli hyvin koskettava. En ole koskaan kokenut mit\u00e4\u00e4n tuollaista tai ajatellut sen olevan mahdollista. Iso\u00e4iti otti minua k\u00e4dest\u00e4 kiinni ja se tuntui ihmeelliselt\u00e4. Tied\u00e4n nyt, ett\u00e4 maailma on paljon isompi, kuin mit\u00e4 silmill\u00e4 voi n\u00e4hd\u00e4. Olen kiitollinen t\u00e4st\u00e4 kokemuksesta!&#8221;<\/p>\n\n\n\n<p>&#8220;N\u00e4en nyt kvanttihypnoosin j\u00e4lkeen el\u00e4m\u00e4ntilanteeni paljon selke\u00e4mmin. Taisin k\u00e4yd\u00e4 hoidossa l\u00e4pi kaikki mahdolliset tunteet itkusta nauruun. Olipa puhdistava kokemus, kiitos&#8221;<\/p>\n","protected":false},"excerpt":{"rendered":"<p>\u00a0\u201dKvanttihypnoosi oli hyvin parantava kokemus. Selina on ihanan aito ja l\u00e4mmin ihminen, jonka luona on hyv\u00e4 ja turvallinen olo.\u201d &#8220;En tiennyt kvanttihypnoosista etuk\u00e4teen mit\u00e4\u00e4n joten v\u00e4h\u00e4n j\u00e4nnittynein mielin hypp\u00e4sin tuntemattomaan\u2026 Selinan lempe\u00e4ss\u00e4 ja turvallisessa ohjauksessa p\u00e4\u00e4sin kokemaan edellisten el\u00e4mien sanomaa ja sain ajattelemisen aiheita t\u00e4m\u00e4n hetkiseen el\u00e4m\u00e4ntilanteeseen. Hoidon j\u00e4lkeen mieli oli ihanan tyyni.&#8221; &#8220;Selina oli &hellip; <\/p>\n<p class=\"link-more\"><a href=\"https:\/\/www.selinastase.fi\/?page_id=1306\" class=\"more-link\">Continue reading<span class=\"screen-reader-text\"> &#8220;Ihanilta asiakkailta ihania palautteita&#8221;<\/span><\/a><\/p>\n","protected":false},"author":1,"featured_media":0,"parent":0,"menu_order":0,"comment_status":"closed","ping_status":"closed","template":"","meta":{"footnotes":""},"class_list":["post-1306","page","type-page","status-publish","hentry"],"_links":{"self":[{"href":"https:\/\/www.selinastase.fi\/index.php?rest_route=\/wp\/v2\/pages\/1306","targetHints":{"allow":["GET"]}}],"collection":[{"href":"https:\/\/www.selinastase.fi\/index.php?rest_route=\/wp\/v2\/pages"}],"about":[{"href":"https:\/\/www.selinastase.fi\/index.php?rest_route=\/wp\/v2\/types\/page"}],"author":[{"embeddable":true,"href":"https:\/\/www.selinastase.fi\/index.php?rest_route=\/wp\/v2\/users\/1"}],"replies":[{"embeddable":true,"href":"https:\/\/www.selinastase.fi\/index.php?rest_route=%2Fwp%2Fv2%2Fcomments&post=1306"}],"version-history":[{"count":5,"href":"https:\/\/www.selinastase.fi\/index.php?rest_route=\/wp\/v2\/pages\/1306\/revisions"}],"predecessor-version":[{"id":1318,"href":"https:\/\/www.selinastase.fi\/index.php?rest_route=\/wp\/v2\/pages\/1306\/revisions\/1318"}],"wp:attachment":[{"href":"https:\/\/www.selinastase.fi\/index.php?rest_route=%2Fwp%2Fv2%2Fmedia&parent=1306"}],"curies":[{"name":"wp","href":"https:\/\/api.w.org\/{rel}","templated":true}]}}